{"id":4031,"date":"2021-10-25T11:13:33","date_gmt":"2021-10-25T10:13:33","guid":{"rendered":"http:\/\/3.70.206.38\/ueber-uns\/"},"modified":"2024-10-14T10:09:00","modified_gmt":"2024-10-14T09:09:00","slug":"ueber-uns","status":"publish","type":"page","link":"https:\/\/www.robor-nature.eu\/de\/ueber-uns\/","title":{"rendered":"\u00dcber uns"},"content":{"rendered":"\t\t<div data-elementor-type=\"wp-page\" data-elementor-id=\"4031\" class=\"elementor elementor-4031 elementor-129\" data-elementor-post-type=\"page\">\n\t\t\t\t\t\t<section class=\"elementor-section elementor-top-section elementor-element elementor-element-38b76e94 elementor-section-height-min-height elementor-section-boxed elementor-section-height-default elementor-section-items-middle\" data-id=\"38b76e94\" data-element_type=\"section\" data-e-type=\"section\" data-settings=\"{&quot;background_background&quot;:&quot;classic&quot;}\">\n\t\t\t\t\t\t\t<div class=\"elementor-background-overlay\"><\/div>\n\t\t\t\t\t\t\t<div class=\"elementor-container elementor-column-gap-default\">\n\t\t\t\t\t<div class=\"elementor-column elementor-col-100 elementor-top-column elementor-element elementor-element-7cf0ba8b\" data-id=\"7cf0ba8b\" data-element_type=\"column\" data-e-type=\"column\">\n\t\t\t<div class=\"elementor-widget-wrap elementor-element-populated\">\n\t\t\t\t\t\t<div class=\"elementor-element elementor-element-2806d796 elementor-widget elementor-widget-heading\" data-id=\"2806d796\" data-element_type=\"widget\" data-e-type=\"widget\" data-widget_type=\"heading.default\">\n\t\t\t\t<div class=\"elementor-widget-container\">\n\t\t\t\t\t<h3 class=\"elementor-heading-title elementor-size-default\">\u00dcber uns<\/h3>\t\t\t\t<\/div>\n\t\t\t\t<\/div>\n\t\t\t\t<div class=\"elementor-element elementor-element-40b8f0b elementor-widget-divider--view-line_icon elementor-view-default elementor-widget-divider--element-align-center elementor-widget elementor-widget-divider\" data-id=\"40b8f0b\" data-element_type=\"widget\" data-e-type=\"widget\" data-widget_type=\"divider.default\">\n\t\t\t\t<div class=\"elementor-widget-container\">\n\t\t\t\t\t\t\t<div class=\"elementor-divider\">\n\t\t\t<span class=\"elementor-divider-separator\">\n\t\t\t\t\t\t\t<div class=\"elementor-icon elementor-divider__element\">\n\t\t\t\t\t<i aria-hidden=\"true\" class=\"fas fa-leaf\"><\/i><\/div>\n\t\t\t\t\t\t<\/span>\n\t\t<\/div>\n\t\t\t\t\t\t<\/div>\n\t\t\t\t<\/div>\n\t\t\t\t\t<\/div>\n\t\t<\/div>\n\t\t\t\t\t<\/div>\n\t\t<\/section>\n\t\t\t\t<section class=\"elementor-section elementor-top-section elementor-element elementor-element-29c73f92 elementor-section-boxed elementor-section-height-default elementor-section-height-default\" data-id=\"29c73f92\" data-element_type=\"section\" data-e-type=\"section\" data-settings=\"{&quot;background_background&quot;:&quot;classic&quot;}\">\n\t\t\t\t\t\t<div class=\"elementor-container elementor-column-gap-default\">\n\t\t\t\t\t<div class=\"elementor-column elementor-col-100 elementor-top-column elementor-element elementor-element-20578712\" data-id=\"20578712\" data-element_type=\"column\" data-e-type=\"column\">\n\t\t\t<div class=\"elementor-widget-wrap elementor-element-populated\">\n\t\t\t\t\t\t<section class=\"elementor-section elementor-inner-section elementor-element elementor-element-6e04fc49 elementor-section-boxed elementor-section-height-default elementor-section-height-default\" data-id=\"6e04fc49\" data-element_type=\"section\" data-e-type=\"section\">\n\t\t\t\t\t\t<div class=\"elementor-container elementor-column-gap-default\">\n\t\t\t\t\t<div class=\"elementor-column elementor-col-50 elementor-inner-column elementor-element elementor-element-2bbdf9c1\" data-id=\"2bbdf9c1\" data-element_type=\"column\" data-e-type=\"column\">\n\t\t\t<div class=\"elementor-widget-wrap elementor-element-populated\">\n\t\t\t\t\t\t<div class=\"elementor-element elementor-element-40c6394 elementor-widget elementor-widget-heading\" data-id=\"40c6394\" data-element_type=\"widget\" data-e-type=\"widget\" data-widget_type=\"heading.default\">\n\t\t\t\t<div class=\"elementor-widget-container\">\n\t\t\t\t\t<h3 class=\"elementor-heading-title elementor-size-default\">Wer sind wir?<\/h3>\t\t\t\t<\/div>\n\t\t\t\t<\/div>\n\t\t\t\t<div class=\"elementor-element elementor-element-61587cf elementor-widget-divider--view-line_icon elementor-view-default elementor-widget-divider--element-align-center elementor-widget elementor-widget-divider\" data-id=\"61587cf\" data-element_type=\"widget\" data-e-type=\"widget\" data-widget_type=\"divider.default\">\n\t\t\t\t<div class=\"elementor-widget-container\">\n\t\t\t\t\t\t\t<div class=\"elementor-divider\">\n\t\t\t<span class=\"elementor-divider-separator\">\n\t\t\t\t\t\t\t<div class=\"elementor-icon elementor-divider__element\">\n\t\t\t\t\t<i aria-hidden=\"true\" class=\"fas fa-users\"><\/i><\/div>\n\t\t\t\t\t\t<\/span>\n\t\t<\/div>\n\t\t\t\t\t\t<\/div>\n\t\t\t\t<\/div>\n\t\t\t\t<div class=\"elementor-element elementor-element-81d00a8 elementor-widget elementor-widget-text-editor\" data-id=\"81d00a8\" data-element_type=\"widget\" data-e-type=\"widget\" data-widget_type=\"text-editor.default\">\n\t\t\t\t<div class=\"elementor-widget-container\">\n\t\t\t\t\t\t\t\t\t<blockquote><p>Basierend auf unserer Leidenschaft, Leben und Natur auf einzigartige Weise zu sch\u00fctzen, haben wir uns in den letzten 10 Jahren auf innovative Naturkonzepte spezialisiert.<\/p><\/blockquote>\t\t\t\t\t\t\t\t<\/div>\n\t\t\t\t<\/div>\n\t\t\t\t<div class=\"elementor-element elementor-element-370a3d62 elementor-widget elementor-widget-text-editor\" data-id=\"370a3d62\" data-element_type=\"widget\" data-e-type=\"widget\" data-widget_type=\"text-editor.default\">\n\t\t\t\t<div class=\"elementor-widget-container\">\n\t\t\t\t\t\t\t\t\t<p>Bei Robor Electronics entwickeln wir elektronische Anwendungen und Software, um Menschen, Tieren und der Natur zu helfen. Bei jedem Problem, auf das wir sto\u00dfen, schauen wir, was wir tun k\u00f6nnen und was uns einf\u00e4llt. Sich etwas Neues auszudenken und innovative L\u00f6sungen zu finden, darin sind wir gut. Bei der Innovation geht es nicht nur um neue Dinge, sondern auch um intelligentere Dinge. Wir wollen die Dinge effizienter machen als sie es gestern waren.<\/p><p>Unsere Spezialgebiete sind die Drohnentechnologie und drahtlose Kommunikationssysteme. Innerhalb dieser Spezialgebiete besch\u00e4ftigen wir uns mit Sensoren, Fliegen, Erkennung, Lokalisierung und Softwareentwicklung. Im Bereich der Drohnen arbeiten wir haupts\u00e4chlich mit der Marke DJI, einer gro\u00dfen, zuverl\u00e4ssigen und hochwertigen Marke. F\u00fcr diese Drohnen entwickeln wir selbst alle Arten von Anwendungen und Erg\u00e4nzungen, wie W\u00e4rmekameras und Software, die die Anwendung effizienter macht.<\/p>\t\t\t\t\t\t\t\t<\/div>\n\t\t\t\t<\/div>\n\t\t\t\t<div class=\"elementor-element elementor-element-475816a5 elementor-align-left elementor-mobile-align-center elementor-widget__width-auto elementor-widget-mobile__width-inherit elementor-widget elementor-widget-button\" data-id=\"475816a5\" data-element_type=\"widget\" data-e-type=\"widget\" data-settings=\"{&quot;_animation&quot;:&quot;none&quot;}\" data-widget_type=\"button.default\">\n\t\t\t\t<div class=\"elementor-widget-container\">\n\t\t\t\t\t\t\t\t\t<div class=\"elementor-button-wrapper\">\n\t\t\t\t\t<a class=\"elementor-button elementor-button-link elementor-size-md\" href=\"https:\/\/www.robor-nature.eu\/de\/kontakt\/\">\n\t\t\t\t\t\t<span class=\"elementor-button-content-wrapper\">\n\t\t\t\t\t\t<span class=\"elementor-button-icon\">\n\t\t\t\t<i aria-hidden=\"true\" class=\"icon icon-phone-call2\"><\/i>\t\t\t<\/span>\n\t\t\t\t\t\t\t\t\t<span class=\"elementor-button-text\">Eine Demo anfordern<\/span>\n\t\t\t\t\t<\/span>\n\t\t\t\t\t<\/a>\n\t\t\t\t<\/div>\n\t\t\t\t\t\t\t\t<\/div>\n\t\t\t\t<\/div>\n\t\t\t\t\t<\/div>\n\t\t<\/div>\n\t\t\t\t<div class=\"elementor-column elementor-col-50 elementor-inner-column elementor-element elementor-element-74382035 elementor-hidden-tablet elementor-hidden-mobile\" data-id=\"74382035\" data-element_type=\"column\" data-e-type=\"column\" data-settings=\"{&quot;background_background&quot;:&quot;classic&quot;}\">\n\t\t\t<div class=\"elementor-widget-wrap elementor-element-populated\">\n\t\t\t\t\t\t<div class=\"elementor-element elementor-element-69b44820 elementor-widget elementor-widget-spacer\" data-id=\"69b44820\" data-element_type=\"widget\" data-e-type=\"widget\" data-widget_type=\"spacer.default\">\n\t\t\t\t<div class=\"elementor-widget-container\">\n\t\t\t\t\t\t\t<div class=\"elementor-spacer\">\n\t\t\t<div class=\"elementor-spacer-inner\"><\/div>\n\t\t<\/div>\n\t\t\t\t\t\t<\/div>\n\t\t\t\t<\/div>\n\t\t\t\t\t<\/div>\n\t\t<\/div>\n\t\t\t\t\t<\/div>\n\t\t<\/section>\n\t\t\t\t<div class=\"elementor-element elementor-element-b2b51c7 elementor-hidden-desktop elementor-widget elementor-widget-image\" data-id=\"b2b51c7\" data-element_type=\"widget\" data-e-type=\"widget\" data-widget_type=\"image.default\">\n\t\t\t\t<div class=\"elementor-widget-container\">\n\t\t\t\t\t\t\t\t\t\t\t\t\t\t\t<img fetchpriority=\"high\" decoding=\"async\" width=\"768\" height=\"553\" src=\"https:\/\/www.robor-nature.eu\/wp-content\/uploads\/2021\/11\/RN03-768x553.jpg\" class=\"attachment-medium_large size-medium_large wp-image-3875\" alt=\"\" srcset=\"https:\/\/www.robor-nature.eu\/wp-content\/uploads\/2021\/11\/RN03-768x553.jpg 768w, https:\/\/www.robor-nature.eu\/wp-content\/uploads\/2021\/11\/RN03-300x216.jpg 300w, https:\/\/www.robor-nature.eu\/wp-content\/uploads\/2021\/11\/RN03-1024x737.jpg 1024w, https:\/\/www.robor-nature.eu\/wp-content\/uploads\/2021\/11\/RN03-1536x1106.jpg 1536w\" sizes=\"(max-width: 768px) 100vw, 768px\" \/>\t\t\t\t\t\t\t\t\t\t\t\t\t\t\t<\/div>\n\t\t\t\t<\/div>\n\t\t\t\t\t<\/div>\n\t\t<\/div>\n\t\t\t\t\t<\/div>\n\t\t<\/section>\n\t\t\t\t<section class=\"elementor-section elementor-top-section elementor-element elementor-element-402253db elementor-section-boxed elementor-section-height-default elementor-section-height-default\" data-id=\"402253db\" data-element_type=\"section\" data-e-type=\"section\" data-settings=\"{&quot;background_background&quot;:&quot;classic&quot;}\">\n\t\t\t\t\t\t\t<div class=\"elementor-background-overlay\"><\/div>\n\t\t\t\t\t\t\t<div class=\"elementor-container elementor-column-gap-default\">\n\t\t\t\t\t<div class=\"elementor-column elementor-col-100 elementor-top-column elementor-element elementor-element-7fa4c4fc\" data-id=\"7fa4c4fc\" data-element_type=\"column\" data-e-type=\"column\">\n\t\t\t<div class=\"elementor-widget-wrap elementor-element-populated\">\n\t\t\t\t\t\t<div class=\"elementor-element elementor-element-71f9cf43 elementor-widget elementor-widget-heading\" data-id=\"71f9cf43\" data-element_type=\"widget\" data-e-type=\"widget\" data-widget_type=\"heading.default\">\n\t\t\t\t<div class=\"elementor-widget-container\">\n\t\t\t\t\t<h3 class=\"elementor-heading-title elementor-size-default\">Was machen wir eigentlich?<\/h3>\t\t\t\t<\/div>\n\t\t\t\t<\/div>\n\t\t\t\t<div class=\"elementor-element elementor-element-30241c63 elementor-widget-divider--view-line_icon elementor-view-default elementor-widget-divider--element-align-center elementor-widget elementor-widget-divider\" data-id=\"30241c63\" data-element_type=\"widget\" data-e-type=\"widget\" data-widget_type=\"divider.default\">\n\t\t\t\t<div class=\"elementor-widget-container\">\n\t\t\t\t\t\t\t<div class=\"elementor-divider\">\n\t\t\t<span class=\"elementor-divider-separator\">\n\t\t\t\t\t\t\t<div class=\"elementor-icon elementor-divider__element\">\n\t\t\t\t\t<i aria-hidden=\"true\" class=\"fas fa-leaf\"><\/i><\/div>\n\t\t\t\t\t\t<\/span>\n\t\t<\/div>\n\t\t\t\t\t\t<\/div>\n\t\t\t\t<\/div>\n\t\t\t\t<section class=\"elementor-section elementor-inner-section elementor-element elementor-element-50a30856 elementor-section-boxed elementor-section-height-default elementor-section-height-default\" data-id=\"50a30856\" data-element_type=\"section\" data-e-type=\"section\">\n\t\t\t\t\t\t<div class=\"elementor-container elementor-column-gap-default\">\n\t\t\t\t\t<div class=\"elementor-column elementor-col-100 elementor-inner-column elementor-element elementor-element-c4a0481\" data-id=\"c4a0481\" data-element_type=\"column\" data-e-type=\"column\" data-settings=\"{&quot;background_background&quot;:&quot;classic&quot;}\">\n\t\t\t<div class=\"elementor-widget-wrap elementor-element-populated\">\n\t\t\t\t\t\t<div class=\"elementor-element elementor-element-9255756 elementor-widget elementor-widget-text-editor\" data-id=\"9255756\" data-element_type=\"widget\" data-e-type=\"widget\" data-widget_type=\"text-editor.default\">\n\t\t\t\t<div class=\"elementor-widget-container\">\n\t\t\t\t\t\t\t\t\t<p>Robor Electronics entwickelt innovative L\u00f6sungen wie die Faunadrone und den Smart Cage. Die Faunadrone beispielsweise nutzt eine W\u00e4rmebildkamera, um Kitz- und\/oder Wiesenvogelnester schnell zu erkennen und zu lokalisieren.<\/p>\t\t\t\t\t\t\t\t<\/div>\n\t\t\t\t<\/div>\n\t\t\t\t<div class=\"elementor-element elementor-element-dd6929c elementor-widget elementor-widget-heading\" data-id=\"dd6929c\" data-element_type=\"widget\" data-e-type=\"widget\" data-widget_type=\"heading.default\">\n\t\t\t\t<div class=\"elementor-widget-container\">\n\t\t\t\t\t<h2 class=\"elementor-heading-title elementor-size-default\">Konzepte<\/h2>\t\t\t\t<\/div>\n\t\t\t\t<\/div>\n\t\t\t\t<div class=\"elementor-element elementor-element-e709df3 elementor-widget elementor-widget-text-editor\" data-id=\"e709df3\" data-element_type=\"widget\" data-e-type=\"widget\" data-widget_type=\"text-editor.default\">\n\t\t\t\t<div class=\"elementor-widget-container\">\n\t\t\t\t\t\t\t\t\t<p>Es gibt verschiedene Konzepte innerhalb von Robor Nature:<\/p><ul><li><a href=\"https:\/\/www.robor-nature.eu\/de\/loesungen\/faunadrone\/\">Faunadrone<\/a><\/li><li><a href=\"https:\/\/www.robor-nature.eu\/de\/loesungen\/intelligenter-kaefig\/\">Intelligenter K\u00e4fig (Moschusratten)<\/a><\/li><li><a href=\"https:\/\/www.robor-nature.eu\/de\/loesungen\/wolfsalarm\/\">Wolfsalarm<\/a><\/li><li><a href=\"https:\/\/www.robor-nature.eu\/de\/loesungen\/asiatische-hornisse\/\">Asiatische Hornisse<\/a><\/li><\/ul>\t\t\t\t\t\t\t\t<\/div>\n\t\t\t\t<\/div>\n\t\t\t\t\t<\/div>\n\t\t<\/div>\n\t\t\t\t\t<\/div>\n\t\t<\/section>\n\t\t\t\t\t<\/div>\n\t\t<\/div>\n\t\t\t\t\t<\/div>\n\t\t<\/section>\n\t\t\t\t<section class=\"elementor-section elementor-top-section elementor-element elementor-element-f2d4057 elementor-section-boxed elementor-section-height-default elementor-section-height-default\" data-id=\"f2d4057\" data-element_type=\"section\" data-e-type=\"section\" data-settings=\"{&quot;background_background&quot;:&quot;classic&quot;}\">\n\t\t\t\t\t\t<div class=\"elementor-container elementor-column-gap-default\">\n\t\t\t\t\t<div class=\"elementor-column elementor-col-100 elementor-top-column elementor-element elementor-element-adf1964\" data-id=\"adf1964\" data-element_type=\"column\" data-e-type=\"column\">\n\t\t\t<div class=\"elementor-widget-wrap elementor-element-populated\">\n\t\t\t\t\t\t<div class=\"elementor-element elementor-element-ab81049 elementor-widget elementor-widget-heading\" data-id=\"ab81049\" data-element_type=\"widget\" data-e-type=\"widget\" data-widget_type=\"heading.default\">\n\t\t\t\t<div class=\"elementor-widget-container\">\n\t\t\t\t\t<h3 class=\"elementor-heading-title elementor-size-default\">Warum uns w\u00e4hlen?<\/h3>\t\t\t\t<\/div>\n\t\t\t\t<\/div>\n\t\t\t\t<div class=\"elementor-element elementor-element-f519e1e elementor-widget-divider--view-line_icon elementor-view-default elementor-widget-divider--element-align-center elementor-widget elementor-widget-divider\" data-id=\"f519e1e\" data-element_type=\"widget\" data-e-type=\"widget\" data-widget_type=\"divider.default\">\n\t\t\t\t<div class=\"elementor-widget-container\">\n\t\t\t\t\t\t\t<div class=\"elementor-divider\">\n\t\t\t<span class=\"elementor-divider-separator\">\n\t\t\t\t\t\t\t<div class=\"elementor-icon elementor-divider__element\">\n\t\t\t\t\t<i aria-hidden=\"true\" class=\"fas fa-leaf\"><\/i><\/div>\n\t\t\t\t\t\t<\/span>\n\t\t<\/div>\n\t\t\t\t\t\t<\/div>\n\t\t\t\t<\/div>\n\t\t\t\t<div class=\"elementor-element elementor-element-54c2881 elementor-widget elementor-widget-text-editor\" data-id=\"54c2881\" data-element_type=\"widget\" data-e-type=\"widget\" data-widget_type=\"text-editor.default\">\n\t\t\t\t<div class=\"elementor-widget-container\">\n\t\t\t\t\t\t\t\t\t<p>Flora und Fauna sind uns wichtig und bei Robor Nature legen wir mehr Wert auf die Fauna. Wir haben ein Herz f\u00fcr Tiere und wir wollen alles, was lebt, retten, helfen und sch\u00fctzen. Deshalb haben wir innerhalb von Robor Nature leistungsstarke Konzepte entwickelt, mit denen wir uns f\u00fcr die Tiere einsetzen k\u00f6nnen.<\/p><p>Verschiedene Parteien k\u00f6nnen von unseren Robor Nature-L\u00f6sungen profitieren. Vom Wildh\u00fcter \u00fcber den Landwirt bis hin zur Tierambulanz, jeder hat andere Interessen. Bei Robor Nature entwickeln wir praktische Anwendungen und gehen die Dinge auf eine bequemere und intelligentere Weise an. Dar\u00fcber hinaus sorgen wir daf\u00fcr, dass die L\u00f6sung f\u00fcr alle Beteiligten geeignet ist.<\/p>\t\t\t\t\t\t\t\t<\/div>\n\t\t\t\t<\/div>\n\t\t\t\t\t<\/div>\n\t\t<\/div>\n\t\t\t\t\t<\/div>\n\t\t<\/section>\n\t\t\t\t<\/div>\n\t\t","protected":false},"excerpt":{"rendered":"<p>\u00dcber uns Wer sind wir? Basierend auf unserer Leidenschaft, Leben und Natur auf einzigartige Weise zu sch\u00fctzen, haben wir uns in den letzten 10 Jahren auf innovative Naturkonzepte spezialisiert. Bei Robor Electronics entwickeln wir elektronische Anwendungen und Software, um Menschen, Tieren und der Natur zu helfen. Bei jedem Problem, auf das wir sto\u00dfen, schauen wir, [&hellip;]<\/p>\n","protected":false},"author":3,"featured_media":0,"parent":0,"menu_order":0,"comment_status":"closed","ping_status":"closed","template":"elementor_header_footer","meta":{"footnotes":""},"class_list":["post-4031","page","type-page","status-publish","hentry"],"yoast_head":"<!-- This site is optimized with the Yoast SEO plugin v27.4 - https:\/\/yoast.com\/product\/yoast-seo-wordpress\/ -->\n<title>\u00dcber uns - Robor Nature<\/title>\n<meta name=\"robots\" content=\"index, follow, max-snippet:-1, max-image-preview:large, max-video-preview:-1\" \/>\n<link rel=\"canonical\" href=\"https:\/\/www.robor-nature.eu\/de\/ueber-uns\/\" \/>\n<meta property=\"og:locale\" content=\"de_DE\" \/>\n<meta property=\"og:type\" content=\"article\" \/>\n<meta property=\"og:title\" content=\"\u00dcber uns - Robor Nature\" \/>\n<meta property=\"og:description\" content=\"\u00dcber uns Wer sind wir? Basierend auf unserer Leidenschaft, Leben und Natur auf einzigartige Weise zu sch\u00fctzen, haben wir uns in den letzten 10 Jahren auf innovative Naturkonzepte spezialisiert. Bei Robor Electronics entwickeln wir elektronische Anwendungen und Software, um Menschen, Tieren und der Natur zu helfen. Bei jedem Problem, auf das wir sto\u00dfen, schauen wir, [&hellip;]\" \/>\n<meta property=\"og:url\" content=\"https:\/\/www.robor-nature.eu\/de\/ueber-uns\/\" \/>\n<meta property=\"og:site_name\" content=\"Robor Nature\" \/>\n<meta property=\"article:modified_time\" content=\"2024-10-14T09:09:00+00:00\" \/>\n<meta property=\"og:image\" content=\"http:\/\/www.robor-nature.eu\/wp-content\/uploads\/2021\/11\/RN03-768x553.jpg\" \/>\n<meta name=\"twitter:card\" content=\"summary_large_image\" \/>\n<meta name=\"twitter:label1\" content=\"Gesch\u00e4tzte Lesezeit\" \/>\n\t<meta name=\"twitter:data1\" content=\"2\u00a0Minuten\" \/>\n<script type=\"application\/ld+json\" class=\"yoast-schema-graph\">{\"@context\":\"https:\\\/\\\/schema.org\",\"@graph\":[{\"@type\":\"WebPage\",\"@id\":\"https:\\\/\\\/www.robor-nature.eu\\\/de\\\/ueber-uns\\\/\",\"url\":\"https:\\\/\\\/www.robor-nature.eu\\\/de\\\/ueber-uns\\\/\",\"name\":\"\u00dcber uns - Robor Nature\",\"isPartOf\":{\"@id\":\"https:\\\/\\\/www.robor-nature.eu\\\/de\\\/#website\"},\"primaryImageOfPage\":{\"@id\":\"https:\\\/\\\/www.robor-nature.eu\\\/de\\\/ueber-uns\\\/#primaryimage\"},\"image\":{\"@id\":\"https:\\\/\\\/www.robor-nature.eu\\\/de\\\/ueber-uns\\\/#primaryimage\"},\"thumbnailUrl\":\"http:\\\/\\\/www.robor-nature.eu\\\/wp-content\\\/uploads\\\/2021\\\/11\\\/RN03-768x553.jpg\",\"datePublished\":\"2021-10-25T10:13:33+00:00\",\"dateModified\":\"2024-10-14T09:09:00+00:00\",\"breadcrumb\":{\"@id\":\"https:\\\/\\\/www.robor-nature.eu\\\/de\\\/ueber-uns\\\/#breadcrumb\"},\"inLanguage\":\"de\",\"potentialAction\":[{\"@type\":\"ReadAction\",\"target\":[\"https:\\\/\\\/www.robor-nature.eu\\\/de\\\/ueber-uns\\\/\"]}]},{\"@type\":\"ImageObject\",\"inLanguage\":\"de\",\"@id\":\"https:\\\/\\\/www.robor-nature.eu\\\/de\\\/ueber-uns\\\/#primaryimage\",\"url\":\"http:\\\/\\\/www.robor-nature.eu\\\/wp-content\\\/uploads\\\/2021\\\/11\\\/RN03-768x553.jpg\",\"contentUrl\":\"http:\\\/\\\/www.robor-nature.eu\\\/wp-content\\\/uploads\\\/2021\\\/11\\\/RN03-768x553.jpg\"},{\"@type\":\"BreadcrumbList\",\"@id\":\"https:\\\/\\\/www.robor-nature.eu\\\/de\\\/ueber-uns\\\/#breadcrumb\",\"itemListElement\":[{\"@type\":\"ListItem\",\"position\":1,\"name\":\"Home\",\"item\":\"http:\\\/\\\/18.159.247.187\\\/de\\\/\"},{\"@type\":\"ListItem\",\"position\":2,\"name\":\"\u00dcber uns\"}]},{\"@type\":\"WebSite\",\"@id\":\"https:\\\/\\\/www.robor-nature.eu\\\/de\\\/#website\",\"url\":\"https:\\\/\\\/www.robor-nature.eu\\\/de\\\/\",\"name\":\"Robor Nature\",\"description\":\"\",\"publisher\":{\"@id\":\"https:\\\/\\\/www.robor-nature.eu\\\/de\\\/#organization\"},\"potentialAction\":[{\"@type\":\"SearchAction\",\"target\":{\"@type\":\"EntryPoint\",\"urlTemplate\":\"https:\\\/\\\/www.robor-nature.eu\\\/de\\\/?s={search_term_string}\"},\"query-input\":{\"@type\":\"PropertyValueSpecification\",\"valueRequired\":true,\"valueName\":\"search_term_string\"}}],\"inLanguage\":\"de\"},{\"@type\":\"Organization\",\"@id\":\"https:\\\/\\\/www.robor-nature.eu\\\/de\\\/#organization\",\"name\":\"Robor Nature\",\"url\":\"https:\\\/\\\/www.robor-nature.eu\\\/de\\\/\",\"logo\":{\"@type\":\"ImageObject\",\"inLanguage\":\"de\",\"@id\":\"https:\\\/\\\/www.robor-nature.eu\\\/de\\\/#\\\/schema\\\/logo\\\/image\\\/\",\"url\":\"https:\\\/\\\/www.robor-nature.eu\\\/wp-content\\\/uploads\\\/2021\\\/10\\\/cropped-Logo_Robor-300ppi-01.png\",\"contentUrl\":\"https:\\\/\\\/www.robor-nature.eu\\\/wp-content\\\/uploads\\\/2021\\\/10\\\/cropped-Logo_Robor-300ppi-01.png\",\"width\":240,\"height\":100,\"caption\":\"Robor Nature\"},\"image\":{\"@id\":\"https:\\\/\\\/www.robor-nature.eu\\\/de\\\/#\\\/schema\\\/logo\\\/image\\\/\"}}]}<\/script>\n<!-- \/ Yoast SEO plugin. -->","yoast_head_json":{"title":"\u00dcber uns - Robor Nature","robots":{"index":"index","follow":"follow","max-snippet":"max-snippet:-1","max-image-preview":"max-image-preview:large","max-video-preview":"max-video-preview:-1"},"canonical":"https:\/\/www.robor-nature.eu\/de\/ueber-uns\/","og_locale":"de_DE","og_type":"article","og_title":"\u00dcber uns - Robor Nature","og_description":"\u00dcber uns Wer sind wir? Basierend auf unserer Leidenschaft, Leben und Natur auf einzigartige Weise zu sch\u00fctzen, haben wir uns in den letzten 10 Jahren auf innovative Naturkonzepte spezialisiert. Bei Robor Electronics entwickeln wir elektronische Anwendungen und Software, um Menschen, Tieren und der Natur zu helfen. Bei jedem Problem, auf das wir sto\u00dfen, schauen wir, [&hellip;]","og_url":"https:\/\/www.robor-nature.eu\/de\/ueber-uns\/","og_site_name":"Robor Nature","article_modified_time":"2024-10-14T09:09:00+00:00","og_image":[{"url":"http:\/\/www.robor-nature.eu\/wp-content\/uploads\/2021\/11\/RN03-768x553.jpg","type":"","width":"","height":""}],"twitter_card":"summary_large_image","twitter_misc":{"Gesch\u00e4tzte Lesezeit":"2\u00a0Minuten"},"schema":{"@context":"https:\/\/schema.org","@graph":[{"@type":"WebPage","@id":"https:\/\/www.robor-nature.eu\/de\/ueber-uns\/","url":"https:\/\/www.robor-nature.eu\/de\/ueber-uns\/","name":"\u00dcber uns - Robor Nature","isPartOf":{"@id":"https:\/\/www.robor-nature.eu\/de\/#website"},"primaryImageOfPage":{"@id":"https:\/\/www.robor-nature.eu\/de\/ueber-uns\/#primaryimage"},"image":{"@id":"https:\/\/www.robor-nature.eu\/de\/ueber-uns\/#primaryimage"},"thumbnailUrl":"http:\/\/www.robor-nature.eu\/wp-content\/uploads\/2021\/11\/RN03-768x553.jpg","datePublished":"2021-10-25T10:13:33+00:00","dateModified":"2024-10-14T09:09:00+00:00","breadcrumb":{"@id":"https:\/\/www.robor-nature.eu\/de\/ueber-uns\/#breadcrumb"},"inLanguage":"de","potentialAction":[{"@type":"ReadAction","target":["https:\/\/www.robor-nature.eu\/de\/ueber-uns\/"]}]},{"@type":"ImageObject","inLanguage":"de","@id":"https:\/\/www.robor-nature.eu\/de\/ueber-uns\/#primaryimage","url":"http:\/\/www.robor-nature.eu\/wp-content\/uploads\/2021\/11\/RN03-768x553.jpg","contentUrl":"http:\/\/www.robor-nature.eu\/wp-content\/uploads\/2021\/11\/RN03-768x553.jpg"},{"@type":"BreadcrumbList","@id":"https:\/\/www.robor-nature.eu\/de\/ueber-uns\/#breadcrumb","itemListElement":[{"@type":"ListItem","position":1,"name":"Home","item":"http:\/\/18.159.247.187\/de\/"},{"@type":"ListItem","position":2,"name":"\u00dcber uns"}]},{"@type":"WebSite","@id":"https:\/\/www.robor-nature.eu\/de\/#website","url":"https:\/\/www.robor-nature.eu\/de\/","name":"Robor Nature","description":"","publisher":{"@id":"https:\/\/www.robor-nature.eu\/de\/#organization"},"potentialAction":[{"@type":"SearchAction","target":{"@type":"EntryPoint","urlTemplate":"https:\/\/www.robor-nature.eu\/de\/?s={search_term_string}"},"query-input":{"@type":"PropertyValueSpecification","valueRequired":true,"valueName":"search_term_string"}}],"inLanguage":"de"},{"@type":"Organization","@id":"https:\/\/www.robor-nature.eu\/de\/#organization","name":"Robor Nature","url":"https:\/\/www.robor-nature.eu\/de\/","logo":{"@type":"ImageObject","inLanguage":"de","@id":"https:\/\/www.robor-nature.eu\/de\/#\/schema\/logo\/image\/","url":"https:\/\/www.robor-nature.eu\/wp-content\/uploads\/2021\/10\/cropped-Logo_Robor-300ppi-01.png","contentUrl":"https:\/\/www.robor-nature.eu\/wp-content\/uploads\/2021\/10\/cropped-Logo_Robor-300ppi-01.png","width":240,"height":100,"caption":"Robor Nature"},"image":{"@id":"https:\/\/www.robor-nature.eu\/de\/#\/schema\/logo\/image\/"}}]}},"_links":{"self":[{"href":"https:\/\/www.robor-nature.eu\/de\/wp-json\/wp\/v2\/pages\/4031","targetHints":{"allow":["GET"]}}],"collection":[{"href":"https:\/\/www.robor-nature.eu\/de\/wp-json\/wp\/v2\/pages"}],"about":[{"href":"https:\/\/www.robor-nature.eu\/de\/wp-json\/wp\/v2\/types\/page"}],"author":[{"embeddable":true,"href":"https:\/\/www.robor-nature.eu\/de\/wp-json\/wp\/v2\/users\/3"}],"replies":[{"embeddable":true,"href":"https:\/\/www.robor-nature.eu\/de\/wp-json\/wp\/v2\/comments?post=4031"}],"version-history":[{"count":21,"href":"https:\/\/www.robor-nature.eu\/de\/wp-json\/wp\/v2\/pages\/4031\/revisions"}],"predecessor-version":[{"id":4825,"href":"https:\/\/www.robor-nature.eu\/de\/wp-json\/wp\/v2\/pages\/4031\/revisions\/4825"}],"wp:attachment":[{"href":"https:\/\/www.robor-nature.eu\/de\/wp-json\/wp\/v2\/media?parent=4031"}],"curies":[{"name":"wp","href":"https:\/\/api.w.org\/{rel}","templated":true}]}}