{"id":4011,"date":"2021-10-25T11:47:14","date_gmt":"2021-10-25T10:47:14","guid":{"rendered":"http:\/\/3.70.206.38\/kurs\/"},"modified":"2022-05-13T09:23:22","modified_gmt":"2022-05-13T08:23:22","slug":"kurs","status":"publish","type":"page","link":"https:\/\/www.robor-nature.eu\/de\/kurs\/","title":{"rendered":"Kurs"},"content":{"rendered":"\t\t<div data-elementor-type=\"wp-page\" data-elementor-id=\"4011\" class=\"elementor elementor-4011 elementor-180\" data-elementor-post-type=\"page\">\n\t\t\t\t\t\t<section class=\"elementor-section elementor-top-section elementor-element elementor-element-2215420f elementor-section-height-min-height elementor-section-boxed elementor-section-height-default elementor-section-items-middle\" data-id=\"2215420f\" data-element_type=\"section\" data-e-type=\"section\" data-settings=\"{&quot;background_background&quot;:&quot;classic&quot;}\">\n\t\t\t\t\t\t\t<div class=\"elementor-background-overlay\"><\/div>\n\t\t\t\t\t\t\t<div class=\"elementor-container elementor-column-gap-default\">\n\t\t\t\t\t<div class=\"elementor-column elementor-col-100 elementor-top-column elementor-element elementor-element-140a97df\" data-id=\"140a97df\" data-element_type=\"column\" data-e-type=\"column\">\n\t\t\t<div class=\"elementor-widget-wrap elementor-element-populated\">\n\t\t\t\t\t\t<div class=\"elementor-element elementor-element-25fa23fd elementor-widget elementor-widget-heading\" data-id=\"25fa23fd\" data-element_type=\"widget\" data-e-type=\"widget\" data-widget_type=\"heading.default\">\n\t\t\t\t<div class=\"elementor-widget-container\">\n\t\t\t\t\t<h3 class=\"elementor-heading-title elementor-size-default\">Ausbildung<\/h3>\t\t\t\t<\/div>\n\t\t\t\t<\/div>\n\t\t\t\t<div class=\"elementor-element elementor-element-4d40560f elementor-widget-divider--view-line_icon elementor-view-default elementor-widget-divider--element-align-center elementor-widget elementor-widget-divider\" data-id=\"4d40560f\" data-element_type=\"widget\" data-e-type=\"widget\" data-widget_type=\"divider.default\">\n\t\t\t\t<div class=\"elementor-widget-container\">\n\t\t\t\t\t\t\t<div class=\"elementor-divider\">\n\t\t\t<span class=\"elementor-divider-separator\">\n\t\t\t\t\t\t\t<div class=\"elementor-icon elementor-divider__element\">\n\t\t\t\t\t<i aria-hidden=\"true\" class=\"fas fa-leaf\"><\/i><\/div>\n\t\t\t\t\t\t<\/span>\n\t\t<\/div>\n\t\t\t\t\t\t<\/div>\n\t\t\t\t<\/div>\n\t\t\t\t\t<\/div>\n\t\t<\/div>\n\t\t\t\t\t<\/div>\n\t\t<\/section>\n\t\t\t\t<section class=\"elementor-section elementor-top-section elementor-element elementor-element-7a640e2 elementor-section-boxed elementor-section-height-default elementor-section-height-default\" data-id=\"7a640e2\" data-element_type=\"section\" data-e-type=\"section\">\n\t\t\t\t\t\t<div class=\"elementor-container elementor-column-gap-default\">\n\t\t\t\t\t<div class=\"elementor-column elementor-col-50 elementor-top-column elementor-element elementor-element-fde562a\" data-id=\"fde562a\" data-element_type=\"column\" data-e-type=\"column\">\n\t\t\t<div class=\"elementor-widget-wrap elementor-element-populated\">\n\t\t\t\t\t\t<div class=\"elementor-element elementor-element-c11b464 elementor-widget elementor-widget-image\" data-id=\"c11b464\" data-element_type=\"widget\" data-e-type=\"widget\" data-widget_type=\"image.default\">\n\t\t\t\t<div class=\"elementor-widget-container\">\n\t\t\t\t\t\t\t\t\t\t\t\t\t\t\t<img fetchpriority=\"high\" decoding=\"async\" width=\"750\" height=\"563\" src=\"https:\/\/www.robor-nature.nl\/wp-content\/uploads\/2021\/11\/RN10-1.jpg\" class=\"attachment-full size-full wp-image-3909\" alt=\"\" srcset=\"https:\/\/www.robor-nature.nl\/wp-content\/uploads\/2021\/11\/RN10-1.jpg 750w, https:\/\/www.robor-nature.nl\/wp-content\/uploads\/2021\/11\/RN10-1-300x225.jpg 300w, https:\/\/www.robor-nature.nl\/wp-content\/uploads\/2021\/11\/RN10-1-1x1.jpg 1w\" sizes=\"(max-width: 750px) 100vw, 750px\" \/>\t\t\t\t\t\t\t\t\t\t\t\t\t\t\t<\/div>\n\t\t\t\t<\/div>\n\t\t\t\t\t<\/div>\n\t\t<\/div>\n\t\t\t\t<div class=\"elementor-column elementor-col-50 elementor-top-column elementor-element elementor-element-49a8db2\" data-id=\"49a8db2\" data-element_type=\"column\" data-e-type=\"column\">\n\t\t\t<div class=\"elementor-widget-wrap elementor-element-populated\">\n\t\t\t\t\t\t<div class=\"elementor-element elementor-element-9052bec elementor-widget elementor-widget-heading\" data-id=\"9052bec\" data-element_type=\"widget\" data-e-type=\"widget\" data-widget_type=\"heading.default\">\n\t\t\t\t<div class=\"elementor-widget-container\">\n\t\t\t\t\t<h1 class=\"elementor-heading-title elementor-size-default\">Ausbildung<\/h1>\t\t\t\t<\/div>\n\t\t\t\t<\/div>\n\t\t\t\t<div class=\"elementor-element elementor-element-36c189b elementor-widget-divider--view-line_icon elementor-view-default elementor-widget-divider--element-align-center elementor-widget elementor-widget-divider\" data-id=\"36c189b\" data-element_type=\"widget\" data-e-type=\"widget\" data-widget_type=\"divider.default\">\n\t\t\t\t<div class=\"elementor-widget-container\">\n\t\t\t\t\t\t\t<div class=\"elementor-divider\">\n\t\t\t<span class=\"elementor-divider-separator\">\n\t\t\t\t\t\t\t<div class=\"elementor-icon elementor-divider__element\">\n\t\t\t\t\t<i aria-hidden=\"true\" class=\"fas fa-leaf\"><\/i><\/div>\n\t\t\t\t\t\t<\/span>\n\t\t<\/div>\n\t\t\t\t\t\t<\/div>\n\t\t\t\t<\/div>\n\t\t\t\t<div class=\"elementor-element elementor-element-c806ac3 elementor-widget elementor-widget-text-editor\" data-id=\"c806ac3\" data-element_type=\"widget\" data-e-type=\"widget\" data-widget_type=\"text-editor.default\">\n\t\t\t\t<div class=\"elementor-widget-container\">\n\t\t\t\t\t\t\t\t\t<p>Die praktische Ausbildung ist eine wichtige Erg\u00e4nzung zu unseren Konzepten. Wie funktioniert das System und wie wendet man es richtig an? Jede praktische Schulung besteht aus einem allgemeinen Teil und einem Teil, der sich speziell mit dem gekauften Konzept besch\u00e4ftigt.<\/p><p>Wie ist das Produkt beschaffen, die Hardware und die Software? Aber auch wie benutzt man es? Wie fliegt man die Drohne? Hierf\u00fcr verwenden wir Szenario-Training.<\/p>\t\t\t\t\t\t\t\t<\/div>\n\t\t\t\t<\/div>\n\t\t\t\t\t<\/div>\n\t\t<\/div>\n\t\t\t\t\t<\/div>\n\t\t<\/section>\n\t\t\t\t<section class=\"elementor-section elementor-top-section elementor-element elementor-element-71d3b0f elementor-section-boxed elementor-section-height-default elementor-section-height-default\" data-id=\"71d3b0f\" data-element_type=\"section\" data-e-type=\"section\" data-settings=\"{&quot;background_background&quot;:&quot;classic&quot;}\">\n\t\t\t\t\t\t<div class=\"elementor-container elementor-column-gap-default\">\n\t\t\t\t\t<div class=\"elementor-column elementor-col-100 elementor-top-column elementor-element elementor-element-7b6b087\" data-id=\"7b6b087\" data-element_type=\"column\" data-e-type=\"column\">\n\t\t\t<div class=\"elementor-widget-wrap elementor-element-populated\">\n\t\t\t\t\t\t<div class=\"elementor-element elementor-element-4d0e30e elementor-widget-divider--view-line elementor-widget elementor-widget-divider\" data-id=\"4d0e30e\" data-element_type=\"widget\" data-e-type=\"widget\" data-widget_type=\"divider.default\">\n\t\t\t\t<div class=\"elementor-widget-container\">\n\t\t\t\t\t\t\t<div class=\"elementor-divider\">\n\t\t\t<span class=\"elementor-divider-separator\">\n\t\t\t\t\t\t<\/span>\n\t\t<\/div>\n\t\t\t\t\t\t<\/div>\n\t\t\t\t<\/div>\n\t\t\t\t\t<\/div>\n\t\t<\/div>\n\t\t\t\t\t<\/div>\n\t\t<\/section>\n\t\t\t\t<section class=\"elementor-section elementor-top-section elementor-element elementor-element-5c49edf elementor-section-boxed elementor-section-height-default elementor-section-height-default\" data-id=\"5c49edf\" data-element_type=\"section\" data-e-type=\"section\">\n\t\t\t\t\t\t<div class=\"elementor-container elementor-column-gap-default\">\n\t\t\t\t\t<div class=\"elementor-column elementor-col-100 elementor-top-column elementor-element elementor-element-71e79ea\" data-id=\"71e79ea\" data-element_type=\"column\" data-e-type=\"column\">\n\t\t\t<div class=\"elementor-widget-wrap elementor-element-populated\">\n\t\t\t\t\t\t<div class=\"elementor-element elementor-element-d1a859f elementor-widget elementor-widget-heading\" data-id=\"d1a859f\" data-element_type=\"widget\" data-e-type=\"widget\" data-widget_type=\"heading.default\">\n\t\t\t\t<div class=\"elementor-widget-container\">\n\t\t\t\t\t<h2 class=\"elementor-heading-title elementor-size-default\">Szenariotraining<\/h2>\t\t\t\t<\/div>\n\t\t\t\t<\/div>\n\t\t\t\t<div class=\"elementor-element elementor-element-b5b1f4a elementor-widget-divider--view-line_icon elementor-view-default elementor-widget-divider--element-align-center elementor-widget elementor-widget-divider\" data-id=\"b5b1f4a\" data-element_type=\"widget\" data-e-type=\"widget\" data-widget_type=\"divider.default\">\n\t\t\t\t<div class=\"elementor-widget-container\">\n\t\t\t\t\t\t\t<div class=\"elementor-divider\">\n\t\t\t<span class=\"elementor-divider-separator\">\n\t\t\t\t\t\t\t<div class=\"elementor-icon elementor-divider__element\">\n\t\t\t\t\t<i aria-hidden=\"true\" class=\"fas fa-leaf\"><\/i><\/div>\n\t\t\t\t\t\t<\/span>\n\t\t<\/div>\n\t\t\t\t\t\t<\/div>\n\t\t\t\t<\/div>\n\t\t\t\t\t<\/div>\n\t\t<\/div>\n\t\t\t\t\t<\/div>\n\t\t<\/section>\n\t\t\t\t<section class=\"elementor-section elementor-top-section elementor-element elementor-element-0ef1a79 elementor-section-boxed elementor-section-height-default elementor-section-height-default\" data-id=\"0ef1a79\" data-element_type=\"section\" data-e-type=\"section\">\n\t\t\t\t\t\t<div class=\"elementor-container elementor-column-gap-default\">\n\t\t\t\t\t<div class=\"elementor-column elementor-col-50 elementor-top-column elementor-element elementor-element-73cec42\" data-id=\"73cec42\" data-element_type=\"column\" data-e-type=\"column\">\n\t\t\t<div class=\"elementor-widget-wrap elementor-element-populated\">\n\t\t\t\t\t\t<div class=\"elementor-element elementor-element-83e7d58 elementor-widget elementor-widget-text-editor\" data-id=\"83e7d58\" data-element_type=\"widget\" data-e-type=\"widget\" data-widget_type=\"text-editor.default\">\n\t\t\t\t<div class=\"elementor-widget-container\">\n\t\t\t\t\t\t\t\t\t<p>Wir bringen Ihnen nicht nur bei, wie man die Drohne fliegt, sondern auch, wie man die Drohne ganz gezielt f\u00fcr Ihren Zweck einsetzt. Das bedeutet, dass Sie im Rehkitzkurs lernen, wie Sie die Drohne zum Auffinden von Rehkitzen einsetzen. W\u00e4hrend des Wiesenvogelkurses verwenden wir \u00dcbungsnester, damit Sie in der Praxis lernen, wie man sie findet.<\/p>\t\t\t\t\t\t\t\t<\/div>\n\t\t\t\t<\/div>\n\t\t\t\t\t<\/div>\n\t\t<\/div>\n\t\t\t\t<div class=\"elementor-column elementor-col-50 elementor-top-column elementor-element elementor-element-5ff65b1\" data-id=\"5ff65b1\" data-element_type=\"column\" data-e-type=\"column\">\n\t\t\t<div class=\"elementor-widget-wrap elementor-element-populated\">\n\t\t\t\t\t\t<div class=\"elementor-element elementor-element-a1e2e2f elementor-widget elementor-widget-text-editor\" data-id=\"a1e2e2f\" data-element_type=\"widget\" data-e-type=\"widget\" data-widget_type=\"text-editor.default\">\n\t\t\t\t<div class=\"elementor-widget-container\">\n\t\t\t\t\t\t\t\t\t<p>Die Kurse sind praxisorientiert und Sie erhalten allerlei praktische Tipps und Tricks f\u00fcr den Einsatz der Drohnen. Wir haben ein sch\u00f6nes Gel\u00e4nde, auf dem wir die verschiedenen Trainingssituationen einrichten und simulieren k\u00f6nnen. Mit 10 Jahren praktischer Erfahrung k\u00f6nnen wir Ihnen eine professionelle und fachkundige Ausbildung bieten, damit Sie Ihre Drohne optimal nutzen k\u00f6nnen.<\/p>\t\t\t\t\t\t\t\t<\/div>\n\t\t\t\t<\/div>\n\t\t\t\t\t<\/div>\n\t\t<\/div>\n\t\t\t\t\t<\/div>\n\t\t<\/section>\n\t\t\t\t<\/div>\n\t\t","protected":false},"excerpt":{"rendered":"<p>Ausbildung Ausbildung Die praktische Ausbildung ist eine wichtige Erg\u00e4nzung zu unseren Konzepten. Wie funktioniert das System und wie wendet man es richtig an? Jede praktische Schulung besteht aus einem allgemeinen Teil und einem Teil, der sich speziell mit dem gekauften Konzept besch\u00e4ftigt. Wie ist das Produkt beschaffen, die Hardware und die Software? Aber auch wie [&hellip;]<\/p>\n","protected":false},"author":3,"featured_media":0,"parent":0,"menu_order":0,"comment_status":"closed","ping_status":"closed","template":"elementor_header_footer","meta":{"footnotes":""},"class_list":["post-4011","page","type-page","status-publish","hentry"],"yoast_head":"<!-- This site is optimized with the Yoast SEO plugin v27.4 - https:\/\/yoast.com\/product\/yoast-seo-wordpress\/ -->\n<title>Kurs - Robor Nature<\/title>\n<meta name=\"robots\" content=\"index, follow, max-snippet:-1, max-image-preview:large, max-video-preview:-1\" \/>\n<link rel=\"canonical\" href=\"https:\/\/www.robor-nature.eu\/de\/kurs\/\" \/>\n<meta property=\"og:locale\" content=\"de_DE\" \/>\n<meta property=\"og:type\" content=\"article\" \/>\n<meta property=\"og:title\" content=\"Kurs - Robor Nature\" \/>\n<meta property=\"og:description\" content=\"Ausbildung Ausbildung Die praktische Ausbildung ist eine wichtige Erg\u00e4nzung zu unseren Konzepten. Wie funktioniert das System und wie wendet man es richtig an? Jede praktische Schulung besteht aus einem allgemeinen Teil und einem Teil, der sich speziell mit dem gekauften Konzept besch\u00e4ftigt. Wie ist das Produkt beschaffen, die Hardware und die Software? Aber auch wie [&hellip;]\" \/>\n<meta property=\"og:url\" content=\"https:\/\/www.robor-nature.eu\/de\/kurs\/\" \/>\n<meta property=\"og:site_name\" content=\"Robor Nature\" \/>\n<meta property=\"article:modified_time\" content=\"2022-05-13T08:23:22+00:00\" \/>\n<meta property=\"og:image\" content=\"http:\/\/3.70.206.38\/wp-content\/uploads\/2021\/11\/RN10-1.jpg\" \/>\n<meta name=\"twitter:card\" content=\"summary_large_image\" \/>\n<meta name=\"twitter:label1\" content=\"Gesch\u00e4tzte Lesezeit\" \/>\n\t<meta name=\"twitter:data1\" content=\"2\u00a0Minuten\" \/>\n<script type=\"application\/ld+json\" class=\"yoast-schema-graph\">{\"@context\":\"https:\\\/\\\/schema.org\",\"@graph\":[{\"@type\":\"WebPage\",\"@id\":\"https:\\\/\\\/www.robor-nature.eu\\\/de\\\/kurs\\\/\",\"url\":\"https:\\\/\\\/www.robor-nature.eu\\\/de\\\/kurs\\\/\",\"name\":\"Kurs - Robor Nature\",\"isPartOf\":{\"@id\":\"https:\\\/\\\/www.robor-nature.eu\\\/de\\\/#website\"},\"primaryImageOfPage\":{\"@id\":\"https:\\\/\\\/www.robor-nature.eu\\\/de\\\/kurs\\\/#primaryimage\"},\"image\":{\"@id\":\"https:\\\/\\\/www.robor-nature.eu\\\/de\\\/kurs\\\/#primaryimage\"},\"thumbnailUrl\":\"http:\\\/\\\/3.70.206.38\\\/wp-content\\\/uploads\\\/2021\\\/11\\\/RN10-1.jpg\",\"datePublished\":\"2021-10-25T10:47:14+00:00\",\"dateModified\":\"2022-05-13T08:23:22+00:00\",\"breadcrumb\":{\"@id\":\"https:\\\/\\\/www.robor-nature.eu\\\/de\\\/kurs\\\/#breadcrumb\"},\"inLanguage\":\"de\",\"potentialAction\":[{\"@type\":\"ReadAction\",\"target\":[\"https:\\\/\\\/www.robor-nature.eu\\\/de\\\/kurs\\\/\"]}]},{\"@type\":\"ImageObject\",\"inLanguage\":\"de\",\"@id\":\"https:\\\/\\\/www.robor-nature.eu\\\/de\\\/kurs\\\/#primaryimage\",\"url\":\"http:\\\/\\\/3.70.206.38\\\/wp-content\\\/uploads\\\/2021\\\/11\\\/RN10-1.jpg\",\"contentUrl\":\"http:\\\/\\\/3.70.206.38\\\/wp-content\\\/uploads\\\/2021\\\/11\\\/RN10-1.jpg\"},{\"@type\":\"BreadcrumbList\",\"@id\":\"https:\\\/\\\/www.robor-nature.eu\\\/de\\\/kurs\\\/#breadcrumb\",\"itemListElement\":[{\"@type\":\"ListItem\",\"position\":1,\"name\":\"Home\",\"item\":\"http:\\\/\\\/18.159.247.187\\\/de\\\/\"},{\"@type\":\"ListItem\",\"position\":2,\"name\":\"Kurs\"}]},{\"@type\":\"WebSite\",\"@id\":\"https:\\\/\\\/www.robor-nature.eu\\\/de\\\/#website\",\"url\":\"https:\\\/\\\/www.robor-nature.eu\\\/de\\\/\",\"name\":\"Robor Nature\",\"description\":\"\",\"publisher\":{\"@id\":\"https:\\\/\\\/www.robor-nature.eu\\\/de\\\/#organization\"},\"potentialAction\":[{\"@type\":\"SearchAction\",\"target\":{\"@type\":\"EntryPoint\",\"urlTemplate\":\"https:\\\/\\\/www.robor-nature.eu\\\/de\\\/?s={search_term_string}\"},\"query-input\":{\"@type\":\"PropertyValueSpecification\",\"valueRequired\":true,\"valueName\":\"search_term_string\"}}],\"inLanguage\":\"de\"},{\"@type\":\"Organization\",\"@id\":\"https:\\\/\\\/www.robor-nature.eu\\\/de\\\/#organization\",\"name\":\"Robor Nature\",\"url\":\"https:\\\/\\\/www.robor-nature.eu\\\/de\\\/\",\"logo\":{\"@type\":\"ImageObject\",\"inLanguage\":\"de\",\"@id\":\"https:\\\/\\\/www.robor-nature.eu\\\/de\\\/#\\\/schema\\\/logo\\\/image\\\/\",\"url\":\"https:\\\/\\\/www.robor-nature.eu\\\/wp-content\\\/uploads\\\/2021\\\/10\\\/cropped-Logo_Robor-300ppi-01.png\",\"contentUrl\":\"https:\\\/\\\/www.robor-nature.eu\\\/wp-content\\\/uploads\\\/2021\\\/10\\\/cropped-Logo_Robor-300ppi-01.png\",\"width\":240,\"height\":100,\"caption\":\"Robor Nature\"},\"image\":{\"@id\":\"https:\\\/\\\/www.robor-nature.eu\\\/de\\\/#\\\/schema\\\/logo\\\/image\\\/\"}}]}<\/script>\n<!-- \/ Yoast SEO plugin. -->","yoast_head_json":{"title":"Kurs - Robor Nature","robots":{"index":"index","follow":"follow","max-snippet":"max-snippet:-1","max-image-preview":"max-image-preview:large","max-video-preview":"max-video-preview:-1"},"canonical":"https:\/\/www.robor-nature.eu\/de\/kurs\/","og_locale":"de_DE","og_type":"article","og_title":"Kurs - Robor Nature","og_description":"Ausbildung Ausbildung Die praktische Ausbildung ist eine wichtige Erg\u00e4nzung zu unseren Konzepten. Wie funktioniert das System und wie wendet man es richtig an? Jede praktische Schulung besteht aus einem allgemeinen Teil und einem Teil, der sich speziell mit dem gekauften Konzept besch\u00e4ftigt. Wie ist das Produkt beschaffen, die Hardware und die Software? Aber auch wie [&hellip;]","og_url":"https:\/\/www.robor-nature.eu\/de\/kurs\/","og_site_name":"Robor Nature","article_modified_time":"2022-05-13T08:23:22+00:00","og_image":[{"url":"http:\/\/3.70.206.38\/wp-content\/uploads\/2021\/11\/RN10-1.jpg","type":"","width":"","height":""}],"twitter_card":"summary_large_image","twitter_misc":{"Gesch\u00e4tzte Lesezeit":"2\u00a0Minuten"},"schema":{"@context":"https:\/\/schema.org","@graph":[{"@type":"WebPage","@id":"https:\/\/www.robor-nature.eu\/de\/kurs\/","url":"https:\/\/www.robor-nature.eu\/de\/kurs\/","name":"Kurs - Robor Nature","isPartOf":{"@id":"https:\/\/www.robor-nature.eu\/de\/#website"},"primaryImageOfPage":{"@id":"https:\/\/www.robor-nature.eu\/de\/kurs\/#primaryimage"},"image":{"@id":"https:\/\/www.robor-nature.eu\/de\/kurs\/#primaryimage"},"thumbnailUrl":"http:\/\/3.70.206.38\/wp-content\/uploads\/2021\/11\/RN10-1.jpg","datePublished":"2021-10-25T10:47:14+00:00","dateModified":"2022-05-13T08:23:22+00:00","breadcrumb":{"@id":"https:\/\/www.robor-nature.eu\/de\/kurs\/#breadcrumb"},"inLanguage":"de","potentialAction":[{"@type":"ReadAction","target":["https:\/\/www.robor-nature.eu\/de\/kurs\/"]}]},{"@type":"ImageObject","inLanguage":"de","@id":"https:\/\/www.robor-nature.eu\/de\/kurs\/#primaryimage","url":"http:\/\/3.70.206.38\/wp-content\/uploads\/2021\/11\/RN10-1.jpg","contentUrl":"http:\/\/3.70.206.38\/wp-content\/uploads\/2021\/11\/RN10-1.jpg"},{"@type":"BreadcrumbList","@id":"https:\/\/www.robor-nature.eu\/de\/kurs\/#breadcrumb","itemListElement":[{"@type":"ListItem","position":1,"name":"Home","item":"http:\/\/18.159.247.187\/de\/"},{"@type":"ListItem","position":2,"name":"Kurs"}]},{"@type":"WebSite","@id":"https:\/\/www.robor-nature.eu\/de\/#website","url":"https:\/\/www.robor-nature.eu\/de\/","name":"Robor Nature","description":"","publisher":{"@id":"https:\/\/www.robor-nature.eu\/de\/#organization"},"potentialAction":[{"@type":"SearchAction","target":{"@type":"EntryPoint","urlTemplate":"https:\/\/www.robor-nature.eu\/de\/?s={search_term_string}"},"query-input":{"@type":"PropertyValueSpecification","valueRequired":true,"valueName":"search_term_string"}}],"inLanguage":"de"},{"@type":"Organization","@id":"https:\/\/www.robor-nature.eu\/de\/#organization","name":"Robor Nature","url":"https:\/\/www.robor-nature.eu\/de\/","logo":{"@type":"ImageObject","inLanguage":"de","@id":"https:\/\/www.robor-nature.eu\/de\/#\/schema\/logo\/image\/","url":"https:\/\/www.robor-nature.eu\/wp-content\/uploads\/2021\/10\/cropped-Logo_Robor-300ppi-01.png","contentUrl":"https:\/\/www.robor-nature.eu\/wp-content\/uploads\/2021\/10\/cropped-Logo_Robor-300ppi-01.png","width":240,"height":100,"caption":"Robor Nature"},"image":{"@id":"https:\/\/www.robor-nature.eu\/de\/#\/schema\/logo\/image\/"}}]}},"_links":{"self":[{"href":"https:\/\/www.robor-nature.eu\/de\/wp-json\/wp\/v2\/pages\/4011","targetHints":{"allow":["GET"]}}],"collection":[{"href":"https:\/\/www.robor-nature.eu\/de\/wp-json\/wp\/v2\/pages"}],"about":[{"href":"https:\/\/www.robor-nature.eu\/de\/wp-json\/wp\/v2\/types\/page"}],"author":[{"embeddable":true,"href":"https:\/\/www.robor-nature.eu\/de\/wp-json\/wp\/v2\/users\/3"}],"replies":[{"embeddable":true,"href":"https:\/\/www.robor-nature.eu\/de\/wp-json\/wp\/v2\/comments?post=4011"}],"version-history":[{"count":13,"href":"https:\/\/www.robor-nature.eu\/de\/wp-json\/wp\/v2\/pages\/4011\/revisions"}],"predecessor-version":[{"id":4395,"href":"https:\/\/www.robor-nature.eu\/de\/wp-json\/wp\/v2\/pages\/4011\/revisions\/4395"}],"wp:attachment":[{"href":"https:\/\/www.robor-nature.eu\/de\/wp-json\/wp\/v2\/media?parent=4011"}],"curies":[{"name":"wp","href":"https:\/\/api.w.org\/{rel}","templated":true}]}}